{"id":3,"date":"2021-11-03T18:51:31","date_gmt":"2021-11-03T17:51:31","guid":{"rendered":"https:\/\/www.calcioarmistizio-esedradonbosco.it\/pd\/?page_id=3"},"modified":"2024-10-02T15:07:39","modified_gmt":"2024-10-02T13:07:39","slug":"privacy-policy","status":"publish","type":"page","link":"https:\/\/www.calcioarmistizio-esedradonbosco.it\/pd\/privacy-policy\/","title":{"rendered":"Privacy policy"},"content":{"rendered":"<div class=\"wp-block-image\">\n<figure class=\"aligncenter size-full is-resized\"><img fetchpriority=\"high\" decoding=\"async\" width=\"850\" height=\"709\" src=\"https:\/\/www.calcioarmistizio-esedradonbosco.it\/pd\/wp-content\/uploads\/2021\/11\/Logo-Calcio-Armistizio-Esedra-Don-Bosco-Padova.png\" alt=\"Calcio Armistizio Esedra Don Bosco Padova\" class=\"wp-image-270\" style=\"width:425px;height:355px\" srcset=\"https:\/\/www.calcioarmistizio-esedradonbosco.it\/pd\/wp-content\/uploads\/2021\/11\/Logo-Calcio-Armistizio-Esedra-Don-Bosco-Padova.png 850w, https:\/\/www.calcioarmistizio-esedradonbosco.it\/pd\/wp-content\/uploads\/2021\/11\/Logo-Calcio-Armistizio-Esedra-Don-Bosco-Padova-300x250.png 300w, https:\/\/www.calcioarmistizio-esedradonbosco.it\/pd\/wp-content\/uploads\/2021\/11\/Logo-Calcio-Armistizio-Esedra-Don-Bosco-Padova-768x641.png 768w\" sizes=\"(max-width: 850px) 100vw, 850px\" \/><\/figure>\n<\/div>\n\n\n<hr class=\"wp-block-separator aligncenter has-alpha-channel-opacity is-style-dots\"\/>\n\n\n\n<p>Ai sensi dell\u2019art. 13 del Regolamento <strong>Generale sulla Protezione dei Dati Personali<\/strong> 679\/2016 (\u201c<strong>GDPR<\/strong>\u201d), informiamo i visitatori di quanto segue:<\/p>\n\n\n\n<h2 class=\"wp-block-heading\">Chi siamo<\/h2>\n\n\n\n<p>L&#8217;indirizzo del nostro sito web \u00e8: <strong>www.calcioarmistizio-esedradonbosco.it<\/strong><\/p>\n\n\n\n<h2 class=\"wp-block-heading\">Commenti<\/h2>\n\n\n\n<p>Consultando il nostro sito possono essere trattati dati relativi a utenti e soggetti, raccolti automaticamente mediante sistemi automatizzati dal sito web o inseriti volontariamente dagli interessati:<\/p>\n\n\n\n<p>Quando i visitatori lasciano commenti sul sito, raccogliamo i dati inviati col modulo dei commenti oltre all&#8217;indirizzo IP del visitatore e la stringa dello user agent del browser per facilitare il rilevamento dello spam.<\/p>\n\n\n\n<h2 class=\"wp-block-heading\">Media<\/h2>\n\n\n\n<p>Se carichi immagini sul sito web, dovresti evitare di caricare immagini che includono i dati di posizione incorporati (EXIF GPS). I visitatori del sito web possono scaricare ed estrarre qualsiasi dato sulla posizione dalle immagini sul sito web.<\/p>\n\n\n\n<h2 class=\"wp-block-heading\">Cookie<\/h2>\n\n\n\n<p>Se lasci un commento sul nostro sito, puoi scegliere di salvare il tuo nome, indirizzo email e sito web nei cookie. Sono usati per la tua comodit\u00e0 in modo che tu non debba inserire nuovamente i tuoi dati quando lasci un altro commento. Questi cookie dureranno per un anno.<\/p>\n\n\n\n<p>Se visiti la pagina di login, verr\u00e0 impostato un cookie temporaneo per determinare se il tuo browser accetta i cookie. Questo cookie non contiene dati personali e viene eliminato quando chiudi il browser.<\/p>\n\n\n\n<p>Quando effettui l&#8217;accesso, verranno impostati diversi cookie per salvare le tue informazioni di accesso e le tue opzioni di visualizzazione dello schermo. I cookie di accesso durano due giorni mentre i cookie per le opzioni dello schermo durano un anno. Se selezioni &#8220;Ricordami&#8221;, il tuo accesso persister\u00e0 per due settimane. Se esci dal tuo account, i cookie di accesso verranno rimossi.<\/p>\n\n\n\n<p>Se modifichi o pubblichi un articolo, un cookie aggiuntivo verr\u00e0 salvato nel tuo browser. Questo cookie non include dati personali, ma indica semplicemente l&#8217;ID dell&#8217;articolo appena modificato. Scade dopo 1 giorno.<\/p>\n\n\n\n<h2 class=\"wp-block-heading\">Contenuto incorporato da altri siti web<\/h2>\n\n\n\n<p>Le pagine web di questo sito possono includere contenuti incorporati (ad esempio video, immagini, API, articoli, ecc.). I contenuti incorporati da altri siti web si comportano esattamente allo stesso modo come se il visitatore avesse visitato l&#8217;altro sito web.<\/p>\n\n\n\n<p>Questi siti web possono raccogliere dati su di te, usare cookie, integrare ulteriori tracciamenti di terze parti e monitorare l&#8217;interazione con essi, incluso il tracciamento della tua interazione con il contenuto incorporato se hai un account e sei connesso a quei siti web.<\/p>\n\n\n\n<h3 class=\"wp-block-heading\">Links esterni collegati al nostro sito<\/h3>\n\n\n\n<ul class=\"wp-block-list\">\n<li><em>https:\/\/www.google.com\/<\/em><\/li>\n\n\n\n<li><em>https:\/\/it-it.facebook.com\/ArmistizioEsedraDonBosco\/<\/em><\/li>\n\n\n\n<li><em>https:\/\/www.figcvenetocalcio.it\/homepage<\/em><\/li>\n\n\n\n<li><em>http:\/\/www.csipadova.it\/<\/em><\/li>\n\n\n\n<li><em>https:\/\/www.coni.it\/it\/<\/em><\/li>\n\n\n\n<li><em>https:\/\/figc.it\/it\/home\/<\/em><\/li>\n\n\n\n<li><em>https:\/\/www.lnd.it\/it\/lega-nazionale-dilettanti<\/em><\/li>\n\n\n\n<li><em>https:\/\/www.tuttocampo.it\/<\/em><\/li>\n\n\n\n<li><em>https:\/\/www.garanteprivacy.it\/<\/em><\/li>\n<\/ul>\n\n\n\n<h3 class=\"wp-block-heading\">Google Maps (Google Inc.)<\/h3>\n\n\n\n<p>Google Maps \u00e8 un servizio di visualizzazione di mappe gestito da Google Inc. che permette a questo Sito di integrare tali contenuti all\u2019interno delle proprie pagine.<br>Dati personali raccolti: Cookie e dati di utilizzo<br>Luogo del trattamento: USA<br><a href=\"https:\/\/policies.google.com\/privacy?hl=it&amp;gl=it\" target=\"_blank\" rel=\"noreferrer noopener\">Privacy Policy<\/a><\/p>\n\n\n\n<h3 class=\"wp-block-heading\">Video Youtube (Google Inc.)<\/h3>\n\n\n\n<p>Youtube \u00e8 un servizio di visualizzazione di contenuti video gestito da Google Inc. che permette a questo Sito di integrare tali contenuti all\u2019interno delle proprie pagine.<br>Dati personali raccolti: Cookie e Dati di utilizzo.<br>Luogo del trattamento: USA<br><a href=\"https:\/\/policies.google.com\/privacy?hl=it&amp;gl=it\" target=\"_blank\" rel=\"noreferrer noopener\">Privacy Policy<\/a><\/p>\n\n\n\n<h3 class=\"wp-block-heading\">Google Font (Google Inc.)<\/h3>\n\n\n\n<p>Google Fonts \u00e8 un servizio di visualizzazione di stili di carattere gestito da Google Inc. che permette a questo Sito di integrare tali contenuti all\u2019interno delle proprie pagine.<br>Dati personali raccolti: Cookie e dati di utilizzo<br>Luogo del trattamento: USA<br><a href=\"https:\/\/policies.google.com\/privacy?hl=en&amp;gl=it\" target=\"_blank\" rel=\"noreferrer noopener\">Privacy Policy<\/a><\/p>\n\n\n\n<h3 class=\"wp-block-heading\">Widget\/API di  tuttocampo<\/h3>\n\n\n\n<p>Portale del calcio dilettantistico italiano.<br>Servizio di visualizzazione risultati ed info partite, permette a questa Applicazione di integrare tali contenuti all\u2019interno delle nostre pagine.<br><a href=\"https:\/\/www.tuttocampo.it\/docs\/v1\/privacy.html\" target=\"_blank\" rel=\"noreferrer noopener\">Privacy Policy<\/a><br><\/p>\n\n\n\n<h2 class=\"wp-block-heading\">Protezione SPAM<\/h2>\n\n\n\n<p>Questi servizi analizzano il traffico di questo Sito, che pu\u00f2 potenzialmente contenente i tuoi Dati Personali, al fine di filtrarlo da traffico (messaggi e contenuti) riconosciuto come SPAM.<\/p>\n\n\n\n<h2 class=\"wp-block-heading\">Con chi condividiamo i tuoi dati<\/h2>\n\n\n\n<p>Possiamo comunicare alcuni dati ad altre societ\u00e0 inerenti alle nostre attivit\u00e0 per gli stessi scopi i quali sono stati forniti e raccolti.<\/p>\n\n\n\n<p>Inoltre, possiamo comunicare i vostri dati alle Autorit\u00e0 competenti quando \u00e8 legalmente previsto.<\/p>\n\n\n\n<p>In ogni caso, i dati non saranno trasferiti in paesi situati al di fuori dell&#8217;Unione Europea che non offrano un livello adeguato o non forniscano le opportune garanzie di protezione dati.<\/p>\n\n\n\n<h3 class=\"wp-block-heading\">Gestione Indirizzi e invio mail<\/h3>\n\n\n\n<p>I seguenti servizi consentono di gestire un database di contatti email, contatti telefonici o contatti di qualunque altro tipo, utilizzati per facilitare la comunicazione con te.<\/p>\n\n\n\n<h2 class=\"wp-block-heading\">Dati statistici<\/h2>\n\n\n\n<p>I servizi nella presente sezione permettono di monitorare e analizzare i dati di traffico del nostro sito web e servono a tener traccia del comportamento dei visitatori. Questi servizi monitorino le abitudini d\u2019uso dei visitatori senza raccogliere nessun tipo di Dati personali.<\/p>\n\n\n\n<h3 class=\"wp-block-heading\"><del>Jetpack (Automattic Inc.)<\/del><\/h3>\n\n\n\n<p><del>Jetpack semplifica la gestione dei siti WordPress offrendo statistiche sui visitatori, servizi di sicurezza, rendendo pi\u00f9 veloce la visualizzazione di immagini e consentendo di ottenere pi\u00f9 traffico.<br>Dati Personali raccolti: Cookie e Dati di utilizzo<br>Luogo del trattamento: USA<br><a href=\"https:\/\/automattic.com\/privacy\/\" target=\"_blank\" rel=\"noreferrer noopener\">Privacy Policy<\/a><\/del><\/p>\n\n\n\n<h3 class=\"wp-block-heading\">Google Analytics (Google Inc.)<\/h3>\n\n\n\n<p>Google Analytics \u00e8 un servizio di analisi web fornito da Google Inc. (\u201cGoogle\u201d). Google utilizza i Dati Personali raccolti allo scopo di tracciare ed esaminare l\u2019utilizzo di questo Sito, compilare report e condividerli con gli altri servizi sviluppati da Google.<br>Google potrebbe utilizzare i Dati Personali per contestualizzare e personalizzare gli annunci del proprio network pubblicitario.<br>Google ha inoltre reso disponibile un componente aggiuntivo del browser per la disattivazione di Google Analytics: <a href=\"https:\/\/tools.google.com\/dlpage\/gaoptout?hl=it\" target=\"_blank\" rel=\"noreferrer noopener\">Opt Out Google Analytics<\/a>.<br>Dati personali raccolti: Cookie e Dati di utilizzo.<br>Tempo di conservazione: 14 mesi.<br>Luogo del trattamento: USA<br><a href=\"https:\/\/policies.google.com\/privacy?hl=it\" target=\"_blank\" rel=\"noreferrer noopener\">Privacy Policy<\/a><\/p>\n\n\n\n<h2 class=\"wp-block-heading\">Per quanto tempo conserviamo i tuoi dati<\/h2>\n\n\n\n<p>Se lasci un commento, il commento e i relativi metadati vengono conservati a tempo indeterminato. \u00c8 cos\u00ec che possiamo riconoscere e approvare automaticamente eventuali commenti successivi invece di tenerli in una coda di moderazione.<\/p>\n\n\n\n<p>Per gli utenti che si registrano sul nostro sito web (se presenti), memorizziamo anche le informazioni personali che forniscono nel loro profilo utente. Tutti gli utenti possono vedere, modificare o cancellare le loro informazioni personali in qualsiasi momento (eccetto il loro nome utente che non possono cambiare). Gli amministratori del sito web possono anche vedere e modificare queste informazioni.<\/p>\n\n\n\n<h2 class=\"wp-block-heading\">Quali diritti hai sui tuoi dati<\/h2>\n\n\n\n<p>Se hai un account su questo sito, o hai lasciato commenti, puoi richiedere di ricevere un file esportato dal sito con i dati personali che abbiamo su di te, compresi i dati che ci hai fornito. Puoi anche richiedere che cancelliamo tutti i dati personali che ti riguardano. Questo non include i dati che siamo obbligati a conservare per scopi amministrativi, legali o di sicurezza.<\/p>\n\n\n\n<h2 class=\"wp-block-heading\">Dove spediamo i tuoi dati<\/h2>\n\n\n\n<p>I commenti dei visitatori possono essere controllati attraverso un servizio di rilevamento automatico dello spam.<\/p>\n\n\n\n<h2 class=\"wp-block-heading\">Modifiche<\/h2>\n\n\n\n<p>Ci riserviamo la facolt\u00e0 di apportare modifiche alla presente privacy policy. Invitiamo i visitatori ad accedere con regolarit\u00e0 a questa sezione per verificare la pubblicazione della pi\u00f9 recente ed aggiornata Privacy Policy.<\/p>\n\n\n\n<hr class=\"wp-block-separator aligncenter has-alpha-channel-opacity is-style-dots\"\/>\n\n\n\n<p class=\"has-text-align-right\"><em><strong>Ultima modifica:<\/strong> 24 novembre 2022<\/em><\/p>\n\n\n<div class=\"wp-block-image\">\n<figure class=\"aligncenter size-full is-resized\"><img fetchpriority=\"high\" decoding=\"async\" width=\"850\" height=\"709\" src=\"https:\/\/www.calcioarmistizio-esedradonbosco.it\/pd\/wp-content\/uploads\/2021\/11\/Logo-Calcio-Armistizio-Esedra-Don-Bosco-Padova.png\" alt=\"Calcio Armistizio Esedra Don Bosco Padova\" class=\"wp-image-270\" style=\"width:425px;height:355px\" srcset=\"https:\/\/www.calcioarmistizio-esedradonbosco.it\/pd\/wp-content\/uploads\/2021\/11\/Logo-Calcio-Armistizio-Esedra-Don-Bosco-Padova.png 850w, https:\/\/www.calcioarmistizio-esedradonbosco.it\/pd\/wp-content\/uploads\/2021\/11\/Logo-Calcio-Armistizio-Esedra-Don-Bosco-Padova-300x250.png 300w, https:\/\/www.calcioarmistizio-esedradonbosco.it\/pd\/wp-content\/uploads\/2021\/11\/Logo-Calcio-Armistizio-Esedra-Don-Bosco-Padova-768x641.png 768w\" sizes=\"(max-width: 850px) 100vw, 850px\" \/><\/figure>\n<\/div>","protected":false},"excerpt":{"rendered":"<p>Ai sensi dell\u2019art. 13 del Regolamento Generale sulla Protezione dei Dati Personali 679\/2016 (\u201cGDPR\u201d), informiamo i visitatori di quanto segue: Chi siamo L&#8217;indirizzo del nostro sito web \u00e8: www.calcioarmistizio-esedradonbosco.it Commenti Consultando il nostro sito possono essere trattati dati relativi a utenti e soggetti, raccolti automaticamente mediante sistemi automatizzati dal sito web o inseriti volontariamente dagli&hellip;<\/p>\n","protected":false},"author":1,"featured_media":3782,"parent":0,"menu_order":110000,"comment_status":"closed","ping_status":"closed","template":"","meta":{"footnotes":""},"class_list":["post-3","page","type-page","status-publish","has-post-thumbnail","hentry"],"yoast_head":"<!-- This site is optimized with the Yoast SEO plugin v27.3 - https:\/\/yoast.com\/product\/yoast-seo-wordpress\/ -->\n<title>Privacy policy - Calcio Armistizio<\/title>\n<meta name=\"description\" content=\"Calcio Armistizio - Privacy policy\" \/>\n<meta name=\"robots\" content=\"index, follow, max-snippet:-1, max-image-preview:large, max-video-preview:-1\" \/>\n<link rel=\"canonical\" href=\"https:\/\/www.calcioarmistizio-esedradonbosco.it\/pd\/privacy-policy\/\" \/>\n<meta property=\"og:locale\" content=\"it_IT\" \/>\n<meta property=\"og:type\" content=\"article\" \/>\n<meta property=\"og:title\" content=\"Privacy policy - Calcio Armistizio\" \/>\n<meta property=\"og:description\" content=\"Calcio Armistizio - Privacy policy\" \/>\n<meta property=\"og:url\" content=\"https:\/\/www.calcioarmistizio-esedradonbosco.it\/pd\/privacy-policy\/\" \/>\n<meta property=\"og:site_name\" content=\"Calcio Armistizio\" \/>\n<meta property=\"article:modified_time\" content=\"2024-10-02T13:07:39+00:00\" \/>\n<meta property=\"og:image\" content=\"https:\/\/www.calcioarmistizio-esedradonbosco.it\/pd\/wp-content\/uploads\/2022\/05\/Privacy-pexels-burst-374103-800x457-1.jpg\" \/>\n\t<meta property=\"og:image:width\" content=\"800\" \/>\n\t<meta property=\"og:image:height\" content=\"457\" \/>\n\t<meta property=\"og:image:type\" content=\"image\/jpeg\" \/>\n<meta name=\"twitter:card\" content=\"summary_large_image\" \/>\n<meta name=\"twitter:label1\" content=\"Tempo di lettura stimato\" \/>\n\t<meta name=\"twitter:data1\" content=\"7 minuti\" \/>\n<script type=\"application\/ld+json\" class=\"yoast-schema-graph\">{\"@context\":\"https:\\\/\\\/schema.org\",\"@graph\":[{\"@type\":\"WebPage\",\"@id\":\"https:\\\/\\\/www.calcioarmistizio-esedradonbosco.it\\\/pd\\\/privacy-policy\\\/\",\"url\":\"https:\\\/\\\/www.calcioarmistizio-esedradonbosco.it\\\/pd\\\/privacy-policy\\\/\",\"name\":\"Privacy policy - Calcio Armistizio\",\"isPartOf\":{\"@id\":\"https:\\\/\\\/www.calcioarmistizio-esedradonbosco.it\\\/pd\\\/#website\"},\"primaryImageOfPage\":{\"@id\":\"https:\\\/\\\/www.calcioarmistizio-esedradonbosco.it\\\/pd\\\/privacy-policy\\\/#primaryimage\"},\"image\":{\"@id\":\"https:\\\/\\\/www.calcioarmistizio-esedradonbosco.it\\\/pd\\\/privacy-policy\\\/#primaryimage\"},\"thumbnailUrl\":\"https:\\\/\\\/www.calcioarmistizio-esedradonbosco.it\\\/pd\\\/wp-content\\\/uploads\\\/2022\\\/05\\\/Privacy-pexels-burst-374103-800x457-1.jpg\",\"datePublished\":\"2021-11-03T17:51:31+00:00\",\"dateModified\":\"2024-10-02T13:07:39+00:00\",\"description\":\"Calcio Armistizio - Privacy policy\",\"breadcrumb\":{\"@id\":\"https:\\\/\\\/www.calcioarmistizio-esedradonbosco.it\\\/pd\\\/privacy-policy\\\/#breadcrumb\"},\"inLanguage\":\"it-IT\",\"potentialAction\":[{\"@type\":\"ReadAction\",\"target\":[\"https:\\\/\\\/www.calcioarmistizio-esedradonbosco.it\\\/pd\\\/privacy-policy\\\/\"]}]},{\"@type\":\"ImageObject\",\"inLanguage\":\"it-IT\",\"@id\":\"https:\\\/\\\/www.calcioarmistizio-esedradonbosco.it\\\/pd\\\/privacy-policy\\\/#primaryimage\",\"url\":\"https:\\\/\\\/www.calcioarmistizio-esedradonbosco.it\\\/pd\\\/wp-content\\\/uploads\\\/2022\\\/05\\\/Privacy-pexels-burst-374103-800x457-1.jpg\",\"contentUrl\":\"https:\\\/\\\/www.calcioarmistizio-esedradonbosco.it\\\/pd\\\/wp-content\\\/uploads\\\/2022\\\/05\\\/Privacy-pexels-burst-374103-800x457-1.jpg\",\"width\":800,\"height\":457,\"caption\":\"Privacy\"},{\"@type\":\"BreadcrumbList\",\"@id\":\"https:\\\/\\\/www.calcioarmistizio-esedradonbosco.it\\\/pd\\\/privacy-policy\\\/#breadcrumb\",\"itemListElement\":[{\"@type\":\"ListItem\",\"position\":1,\"name\":\"Home\",\"item\":\"https:\\\/\\\/www.calcioarmistizio-esedradonbosco.it\\\/pd\\\/\"},{\"@type\":\"ListItem\",\"position\":2,\"name\":\"Privacy policy\"}]},{\"@type\":\"WebSite\",\"@id\":\"https:\\\/\\\/www.calcioarmistizio-esedradonbosco.it\\\/pd\\\/#website\",\"url\":\"https:\\\/\\\/www.calcioarmistizio-esedradonbosco.it\\\/pd\\\/\",\"name\":\"Calcio Armistizio\",\"description\":\"Esedra Don Bosco\",\"publisher\":{\"@id\":\"https:\\\/\\\/www.calcioarmistizio-esedradonbosco.it\\\/pd\\\/#organization\"},\"potentialAction\":[{\"@type\":\"SearchAction\",\"target\":{\"@type\":\"EntryPoint\",\"urlTemplate\":\"https:\\\/\\\/www.calcioarmistizio-esedradonbosco.it\\\/pd\\\/?s={search_term_string}\"},\"query-input\":{\"@type\":\"PropertyValueSpecification\",\"valueRequired\":true,\"valueName\":\"search_term_string\"}}],\"inLanguage\":\"it-IT\"},{\"@type\":\"Organization\",\"@id\":\"https:\\\/\\\/www.calcioarmistizio-esedradonbosco.it\\\/pd\\\/#organization\",\"name\":\"Calcio Armistizio\",\"url\":\"https:\\\/\\\/www.calcioarmistizio-esedradonbosco.it\\\/pd\\\/\",\"logo\":{\"@type\":\"ImageObject\",\"inLanguage\":\"it-IT\",\"@id\":\"https:\\\/\\\/www.calcioarmistizio-esedradonbosco.it\\\/pd\\\/#\\\/schema\\\/logo\\\/image\\\/\",\"url\":\"https:\\\/\\\/www.calcioarmistizio-esedradonbosco.it\\\/pd\\\/wp-content\\\/uploads\\\/2021\\\/11\\\/Logo-Calcio-Armistizio-Esedra-Don-Bosco-Padova.png\",\"contentUrl\":\"https:\\\/\\\/www.calcioarmistizio-esedradonbosco.it\\\/pd\\\/wp-content\\\/uploads\\\/2021\\\/11\\\/Logo-Calcio-Armistizio-Esedra-Don-Bosco-Padova.png\",\"width\":850,\"height\":709,\"caption\":\"Calcio Armistizio\"},\"image\":{\"@id\":\"https:\\\/\\\/www.calcioarmistizio-esedradonbosco.it\\\/pd\\\/#\\\/schema\\\/logo\\\/image\\\/\"}}]}<\/script>\n<!-- \/ Yoast SEO plugin. -->","yoast_head_json":{"title":"Privacy policy - Calcio Armistizio","description":"Calcio Armistizio - Privacy policy","robots":{"index":"index","follow":"follow","max-snippet":"max-snippet:-1","max-image-preview":"max-image-preview:large","max-video-preview":"max-video-preview:-1"},"canonical":"https:\/\/www.calcioarmistizio-esedradonbosco.it\/pd\/privacy-policy\/","og_locale":"it_IT","og_type":"article","og_title":"Privacy policy - Calcio Armistizio","og_description":"Calcio Armistizio - Privacy policy","og_url":"https:\/\/www.calcioarmistizio-esedradonbosco.it\/pd\/privacy-policy\/","og_site_name":"Calcio Armistizio","article_modified_time":"2024-10-02T13:07:39+00:00","og_image":[{"width":800,"height":457,"url":"https:\/\/www.calcioarmistizio-esedradonbosco.it\/pd\/wp-content\/uploads\/2022\/05\/Privacy-pexels-burst-374103-800x457-1.jpg","type":"image\/jpeg"}],"twitter_card":"summary_large_image","twitter_misc":{"Tempo di lettura stimato":"7 minuti"},"schema":{"@context":"https:\/\/schema.org","@graph":[{"@type":"WebPage","@id":"https:\/\/www.calcioarmistizio-esedradonbosco.it\/pd\/privacy-policy\/","url":"https:\/\/www.calcioarmistizio-esedradonbosco.it\/pd\/privacy-policy\/","name":"Privacy policy - Calcio Armistizio","isPartOf":{"@id":"https:\/\/www.calcioarmistizio-esedradonbosco.it\/pd\/#website"},"primaryImageOfPage":{"@id":"https:\/\/www.calcioarmistizio-esedradonbosco.it\/pd\/privacy-policy\/#primaryimage"},"image":{"@id":"https:\/\/www.calcioarmistizio-esedradonbosco.it\/pd\/privacy-policy\/#primaryimage"},"thumbnailUrl":"https:\/\/www.calcioarmistizio-esedradonbosco.it\/pd\/wp-content\/uploads\/2022\/05\/Privacy-pexels-burst-374103-800x457-1.jpg","datePublished":"2021-11-03T17:51:31+00:00","dateModified":"2024-10-02T13:07:39+00:00","description":"Calcio Armistizio - Privacy policy","breadcrumb":{"@id":"https:\/\/www.calcioarmistizio-esedradonbosco.it\/pd\/privacy-policy\/#breadcrumb"},"inLanguage":"it-IT","potentialAction":[{"@type":"ReadAction","target":["https:\/\/www.calcioarmistizio-esedradonbosco.it\/pd\/privacy-policy\/"]}]},{"@type":"ImageObject","inLanguage":"it-IT","@id":"https:\/\/www.calcioarmistizio-esedradonbosco.it\/pd\/privacy-policy\/#primaryimage","url":"https:\/\/www.calcioarmistizio-esedradonbosco.it\/pd\/wp-content\/uploads\/2022\/05\/Privacy-pexels-burst-374103-800x457-1.jpg","contentUrl":"https:\/\/www.calcioarmistizio-esedradonbosco.it\/pd\/wp-content\/uploads\/2022\/05\/Privacy-pexels-burst-374103-800x457-1.jpg","width":800,"height":457,"caption":"Privacy"},{"@type":"BreadcrumbList","@id":"https:\/\/www.calcioarmistizio-esedradonbosco.it\/pd\/privacy-policy\/#breadcrumb","itemListElement":[{"@type":"ListItem","position":1,"name":"Home","item":"https:\/\/www.calcioarmistizio-esedradonbosco.it\/pd\/"},{"@type":"ListItem","position":2,"name":"Privacy policy"}]},{"@type":"WebSite","@id":"https:\/\/www.calcioarmistizio-esedradonbosco.it\/pd\/#website","url":"https:\/\/www.calcioarmistizio-esedradonbosco.it\/pd\/","name":"Calcio Armistizio","description":"Esedra Don Bosco","publisher":{"@id":"https:\/\/www.calcioarmistizio-esedradonbosco.it\/pd\/#organization"},"potentialAction":[{"@type":"SearchAction","target":{"@type":"EntryPoint","urlTemplate":"https:\/\/www.calcioarmistizio-esedradonbosco.it\/pd\/?s={search_term_string}"},"query-input":{"@type":"PropertyValueSpecification","valueRequired":true,"valueName":"search_term_string"}}],"inLanguage":"it-IT"},{"@type":"Organization","@id":"https:\/\/www.calcioarmistizio-esedradonbosco.it\/pd\/#organization","name":"Calcio Armistizio","url":"https:\/\/www.calcioarmistizio-esedradonbosco.it\/pd\/","logo":{"@type":"ImageObject","inLanguage":"it-IT","@id":"https:\/\/www.calcioarmistizio-esedradonbosco.it\/pd\/#\/schema\/logo\/image\/","url":"https:\/\/www.calcioarmistizio-esedradonbosco.it\/pd\/wp-content\/uploads\/2021\/11\/Logo-Calcio-Armistizio-Esedra-Don-Bosco-Padova.png","contentUrl":"https:\/\/www.calcioarmistizio-esedradonbosco.it\/pd\/wp-content\/uploads\/2021\/11\/Logo-Calcio-Armistizio-Esedra-Don-Bosco-Padova.png","width":850,"height":709,"caption":"Calcio Armistizio"},"image":{"@id":"https:\/\/www.calcioarmistizio-esedradonbosco.it\/pd\/#\/schema\/logo\/image\/"}}]}},"_links":{"self":[{"href":"https:\/\/www.calcioarmistizio-esedradonbosco.it\/pd\/wp-json\/wp\/v2\/pages\/3","targetHints":{"allow":["GET"]}}],"collection":[{"href":"https:\/\/www.calcioarmistizio-esedradonbosco.it\/pd\/wp-json\/wp\/v2\/pages"}],"about":[{"href":"https:\/\/www.calcioarmistizio-esedradonbosco.it\/pd\/wp-json\/wp\/v2\/types\/page"}],"author":[{"embeddable":true,"href":"https:\/\/www.calcioarmistizio-esedradonbosco.it\/pd\/wp-json\/wp\/v2\/users\/1"}],"replies":[{"embeddable":true,"href":"https:\/\/www.calcioarmistizio-esedradonbosco.it\/pd\/wp-json\/wp\/v2\/comments?post=3"}],"version-history":[{"count":2,"href":"https:\/\/www.calcioarmistizio-esedradonbosco.it\/pd\/wp-json\/wp\/v2\/pages\/3\/revisions"}],"predecessor-version":[{"id":5620,"href":"https:\/\/www.calcioarmistizio-esedradonbosco.it\/pd\/wp-json\/wp\/v2\/pages\/3\/revisions\/5620"}],"wp:featuredmedia":[{"embeddable":true,"href":"https:\/\/www.calcioarmistizio-esedradonbosco.it\/pd\/wp-json\/wp\/v2\/media\/3782"}],"wp:attachment":[{"href":"https:\/\/www.calcioarmistizio-esedradonbosco.it\/pd\/wp-json\/wp\/v2\/media?parent=3"}],"curies":[{"name":"wp","href":"https:\/\/api.w.org\/{rel}","templated":true}]}}